{"id":10073,"date":"2025-05-13T23:02:20","date_gmt":"2025-05-13T20:02:20","guid":{"rendered":"https:\/\/tesasteel.com\/en\/?page_id=10073"},"modified":"2025-05-15T13:46:58","modified_gmt":"2025-05-15T10:46:58","slug":"industrial-hoses","status":"publish","type":"page","link":"https:\/\/tesasteel.com\/en\/industrial-hoses\/","title":{"rendered":"Industrial Hoses"},"content":{"rendered":"\t\t<div data-elementor-type=\"wp-page\" data-elementor-id=\"10073\" class=\"elementor elementor-10073\">\n\t\t\t\t\t\t<section class=\"elementor-section elementor-top-section elementor-element elementor-element-50fe394 elementor-section-boxed elementor-section-height-default elementor-section-height-default\" data-id=\"50fe394\" data-element_type=\"section\">\n\t\t\t\t\t\t<div class=\"elementor-container elementor-column-gap-default\">\n\t\t\t\t\t<div class=\"elementor-column elementor-col-100 elementor-top-column elementor-element elementor-element-b3decaf column-style-top\" data-id=\"b3decaf\" data-element_type=\"column\">\n\t\t\t<div class=\"elementor-widget-wrap elementor-element-populated\">\n\t\t\t\t\t\t<div class=\"elementor-element elementor-element-b2fd3e0 elementor-widget elementor-widget-text-editor\" data-id=\"b2fd3e0\" data-element_type=\"widget\" data-widget_type=\"text-editor.default\">\n\t\t\t\t<div class=\"elementor-widget-container\">\n\t\t\t<style>\/*! elementor - v3.19.0 - 28-02-2024 *\/\n.elementor-widget-text-editor.elementor-drop-cap-view-stacked .elementor-drop-cap{background-color:#69727d;color:#fff}.elementor-widget-text-editor.elementor-drop-cap-view-framed .elementor-drop-cap{color:#69727d;border:3px solid;background-color:transparent}.elementor-widget-text-editor:not(.elementor-drop-cap-view-default) .elementor-drop-cap{margin-top:8px}.elementor-widget-text-editor:not(.elementor-drop-cap-view-default) .elementor-drop-cap-letter{width:1em;height:1em}.elementor-widget-text-editor .elementor-drop-cap{float:left;text-align:center;line-height:1;font-size:50px}.elementor-widget-text-editor .elementor-drop-cap-letter{display:inline-block}<\/style>\t\t\t\t<div class=\"page\" title=\"Page 8\"><div class=\"section\"><div class=\"layoutArea\"><div class=\"column\"><p>TESA offer you PVC hose, rubber hose, silicone hose, hydraulic hose, drilling hose, marine hose, etc. In a word, our hoses cover garden, agriculture, industry, mining, drilling, automobile and many other industries.<\/p><\/div><\/div><\/div><\/div>\t\t\t\t\t\t<\/div>\n\t\t\t\t<\/div>\n\t\t\t\t\t<\/div>\n\t\t<\/div>\n\t\t\t\t\t<\/div>\n\t\t<\/section>\n\t\t\t\t<section class=\"elementor-section elementor-top-section elementor-element elementor-element-46a1979 elementor-section-boxed elementor-section-height-default elementor-section-height-default\" data-id=\"46a1979\" data-element_type=\"section\">\n\t\t\t\t\t\t<div class=\"elementor-container elementor-column-gap-default\">\n\t\t\t\t\t<div class=\"elementor-column elementor-col-100 elementor-top-column elementor-element elementor-element-000815e column-style-top\" data-id=\"000815e\" data-element_type=\"column\">\n\t\t\t<div class=\"elementor-widget-wrap elementor-element-populated\">\n\t\t\t\t\t\t<div class=\"elementor-element elementor-element-1b93c39 elementor-widget elementor-widget-image\" data-id=\"1b93c39\" data-element_type=\"widget\" data-widget_type=\"image.default\">\n\t\t\t\t<div class=\"elementor-widget-container\">\n\t\t\t<style>\/*! elementor - v3.19.0 - 28-02-2024 *\/\n.elementor-widget-image{text-align:center}.elementor-widget-image a{display:inline-block}.elementor-widget-image a img[src$=\".svg\"]{width:48px}.elementor-widget-image img{vertical-align:middle;display:inline-block}<\/style>\t\t\t\t\t\t\t\t\t\t<img fetchpriority=\"high\" decoding=\"async\" width=\"1912\" height=\"480\" src=\"https:\/\/tesasteel.com\/en\/wp-content\/uploads\/2025\/05\/industrial-hoses.png\" class=\"attachment-full size-full wp-image-10160\" alt=\"\" srcset=\"https:\/\/tesasteel.com\/en\/wp-content\/uploads\/2025\/05\/industrial-hoses.png 1912w, https:\/\/tesasteel.com\/en\/wp-content\/uploads\/2025\/05\/industrial-hoses-1024x257.png 1024w, https:\/\/tesasteel.com\/en\/wp-content\/uploads\/2025\/05\/industrial-hoses-768x193.png 768w, https:\/\/tesasteel.com\/en\/wp-content\/uploads\/2025\/05\/industrial-hoses-600x151.png 600w\" sizes=\"(max-width: 1912px) 100vw, 1912px\" \/>\t\t\t\t\t\t\t\t\t\t\t\t\t<\/div>\n\t\t\t\t<\/div>\n\t\t\t\t\t<\/div>\n\t\t<\/div>\n\t\t\t\t\t<\/div>\n\t\t<\/section>\n\t\t\t\t<section class=\"elementor-section elementor-top-section elementor-element elementor-element-63232c5 elementor-section-boxed elementor-section-height-default elementor-section-height-default\" data-id=\"63232c5\" data-element_type=\"section\">\n\t\t\t\t\t\t<div class=\"elementor-container elementor-column-gap-default\">\n\t\t\t\t\t<div class=\"elementor-column elementor-col-50 elementor-top-column elementor-element elementor-element-4821ffb column-style-top\" data-id=\"4821ffb\" data-element_type=\"column\">\n\t\t\t<div class=\"elementor-widget-wrap elementor-element-populated\">\n\t\t\t\t\t\t<div class=\"elementor-element elementor-element-ca3aed2 elementor-widget elementor-widget-text-editor\" data-id=\"ca3aed2\" data-element_type=\"widget\" data-widget_type=\"text-editor.default\">\n\t\t\t\t<div class=\"elementor-widget-container\">\n\t\t\t\t\t\t\t<h2>RUBBER HOSE<\/h2><p>&#8211; Water Hoses<br \/>&#8211; Air Hoses<br \/>&#8211; Gas and Welding Hoses<br \/>&#8211; Cable Protection Sleeve Hoses<br \/>&#8211; Sandblasting Hoses<br \/>&#8211; Fuel Hoses<br \/>&#8211; Steam Hoses<br \/>&#8211; Food and Agricultural Hoses<br \/>&#8211; Spraying Hoses<br \/>&#8211; Insulating Hoses<br \/>&#8211; Hydraulic Hose<br \/>&#8211; Chemical Hoses<\/p>\t\t\t\t\t\t<\/div>\n\t\t\t\t<\/div>\n\t\t\t\t\t<\/div>\n\t\t<\/div>\n\t\t\t\t<div class=\"elementor-column elementor-col-50 elementor-top-column elementor-element elementor-element-95de51c column-style-top\" data-id=\"95de51c\" data-element_type=\"column\">\n\t\t\t<div class=\"elementor-widget-wrap elementor-element-populated\">\n\t\t\t\t\t\t<div class=\"elementor-element elementor-element-7fe2d86 elementor-widget elementor-widget-text-editor\" data-id=\"7fe2d86\" data-element_type=\"widget\" data-widget_type=\"text-editor.default\">\n\t\t\t\t<div class=\"elementor-widget-container\">\n\t\t\t\t\t\t\t<h2>PLASTIC(PVC) HOSES<\/h2><p>&#8211; Silicone Hoses<br \/>&#8211; Thermo hoses<br \/>&#8211; PVC Spiral Hoses<br \/>&#8211; Wire Transparent Hoses<br \/>&#8211; Transparent Hoses<br \/>&#8211; Plastic Garden Hoses<br \/>&#8211; Polyethylene Water Pipes<br \/>&#8211; PVC Flat Hoses<br \/>&#8211; Pneumatic Hoses<\/p>\t\t\t\t\t\t<\/div>\n\t\t\t\t<\/div>\n\t\t\t\t\t<\/div>\n\t\t<\/div>\n\t\t\t\t\t<\/div>\n\t\t<\/section>\n\t\t\t\t<\/div>\n\t\t","protected":false},"excerpt":{"rendered":"<p>TESA offer you PVC hose, rubber hose, silicone hose, hydraulic hose, drilling hose, marine hose, etc. In a word, our hoses cover garden, agriculture, industry, mining, drilling, automobile and many [&hellip;]<\/p>\n","protected":false},"author":1,"featured_media":0,"parent":0,"menu_order":0,"comment_status":"closed","ping_status":"closed","template":"","meta":{"footnotes":""},"class_list":["post-10073","page","type-page","status-publish","hentry"],"wpcf_dashboard":"<div class=\"woocommerce\"><div class=\"woocommerce-info\">Please log in first? <a class=\"wpneoShowLogin\" href=\"#\">Click here to login<\/a><\/div><div class=\"wpneo_login_form_div\" style=\"display: none;\"><form name=\"loginform\" id=\"loginform\" action=\"https:\/\/tesasteel.com\/en\/wp-login.php\" method=\"post\"><p class=\"login-username\">\n\t\t\t\t<label for=\"user_login\">Kullan\u0131c\u0131 ad\u0131 ya da e-posta adresi<\/label>\n\t\t\t\t<input type=\"text\" name=\"log\" id=\"user_login\" autocomplete=\"username\" class=\"input\" value=\"\" size=\"20\" \/>\n\t\t\t<\/p><p class=\"login-password\">\n\t\t\t\t<label for=\"user_pass\">Parola<\/label>\n\t\t\t\t<input type=\"password\" name=\"pwd\" id=\"user_pass\" autocomplete=\"current-password\" spellcheck=\"false\" class=\"input\" value=\"\" size=\"20\" \/>\n\t\t\t<\/p><p class=\"login-remember\"><label><input name=\"rememberme\" type=\"checkbox\" id=\"rememberme\" value=\"forever\" \/> Beni hat\u0131rla<\/label><\/p><p class=\"login-submit\">\n\t\t\t\t<input type=\"submit\" name=\"wp-submit\" id=\"wp-submit\" class=\"button button-primary\" value=\"Oturum a\u00e7\" \/>\n\t\t\t\t<input type=\"hidden\" name=\"redirect_to\" value=\"https:\/\/tesasteel.com\/en\/wp-json\/wp\/v2\/pages\/10073\" \/>\n\t\t\t<\/p><\/form><\/div><\/div>","_links":{"self":[{"href":"https:\/\/tesasteel.com\/en\/wp-json\/wp\/v2\/pages\/10073","targetHints":{"allow":["GET"]}}],"collection":[{"href":"https:\/\/tesasteel.com\/en\/wp-json\/wp\/v2\/pages"}],"about":[{"href":"https:\/\/tesasteel.com\/en\/wp-json\/wp\/v2\/types\/page"}],"author":[{"embeddable":true,"href":"https:\/\/tesasteel.com\/en\/wp-json\/wp\/v2\/users\/1"}],"replies":[{"embeddable":true,"href":"https:\/\/tesasteel.com\/en\/wp-json\/wp\/v2\/comments?post=10073"}],"version-history":[{"count":4,"href":"https:\/\/tesasteel.com\/en\/wp-json\/wp\/v2\/pages\/10073\/revisions"}],"predecessor-version":[{"id":10163,"href":"https:\/\/tesasteel.com\/en\/wp-json\/wp\/v2\/pages\/10073\/revisions\/10163"}],"wp:attachment":[{"href":"https:\/\/tesasteel.com\/en\/wp-json\/wp\/v2\/media?parent=10073"}],"curies":[{"name":"wp","href":"https:\/\/api.w.org\/{rel}","templated":true}]}}