{"id":10071,"date":"2025-05-13T23:01:41","date_gmt":"2025-05-13T20:01:41","guid":{"rendered":"https:\/\/tesasteel.com\/en\/?page_id=10071"},"modified":"2025-05-15T13:39:31","modified_gmt":"2025-05-15T10:39:31","slug":"solar-energy-systems","status":"publish","type":"page","link":"https:\/\/tesasteel.com\/en\/solar-energy-systems\/","title":{"rendered":"Solar Energy Systems"},"content":{"rendered":"\t\t<div data-elementor-type=\"wp-page\" data-elementor-id=\"10071\" class=\"elementor elementor-10071\">\n\t\t\t\t\t\t<section class=\"elementor-section elementor-top-section elementor-element elementor-element-4ad1443 elementor-section-boxed elementor-section-height-default elementor-section-height-default\" data-id=\"4ad1443\" data-element_type=\"section\">\n\t\t\t\t\t\t<div class=\"elementor-container elementor-column-gap-default\">\n\t\t\t\t\t<div class=\"elementor-column elementor-col-100 elementor-top-column elementor-element elementor-element-95fcb93 column-style-top\" data-id=\"95fcb93\" data-element_type=\"column\">\n\t\t\t<div class=\"elementor-widget-wrap elementor-element-populated\">\n\t\t\t\t\t\t<div class=\"elementor-element elementor-element-5fa2bc1 elementor-widget elementor-widget-text-editor\" data-id=\"5fa2bc1\" data-element_type=\"widget\" data-widget_type=\"text-editor.default\">\n\t\t\t\t<div class=\"elementor-widget-container\">\n\t\t\t<style>\/*! elementor - v3.19.0 - 28-02-2024 *\/\n.elementor-widget-text-editor.elementor-drop-cap-view-stacked .elementor-drop-cap{background-color:#69727d;color:#fff}.elementor-widget-text-editor.elementor-drop-cap-view-framed .elementor-drop-cap{color:#69727d;border:3px solid;background-color:transparent}.elementor-widget-text-editor:not(.elementor-drop-cap-view-default) .elementor-drop-cap{margin-top:8px}.elementor-widget-text-editor:not(.elementor-drop-cap-view-default) .elementor-drop-cap-letter{width:1em;height:1em}.elementor-widget-text-editor .elementor-drop-cap{float:left;text-align:center;line-height:1;font-size:50px}.elementor-widget-text-editor .elementor-drop-cap-letter{display:inline-block}<\/style>\t\t\t\t<div class=\"page\" title=\"Page 10\"><div class=\"layoutArea\"><div class=\"column\"><p>Rooftop and land-based Solar Power Plants (SPPs) are among the most important solutions for meeting energy needs at various scales, especially for businesses. With SPP installations on your roof or land, you can meet some or all of your energy needs depending on the size of the project. In addition, you can eliminate dependence on the grid for energy. By harnessing the power of solar energy from your roof or land, you can take the first step towards an environmentally friendly and sustainable world.<\/p><\/div><\/div><\/div>\t\t\t\t\t\t<\/div>\n\t\t\t\t<\/div>\n\t\t\t\t\t<\/div>\n\t\t<\/div>\n\t\t\t\t\t<\/div>\n\t\t<\/section>\n\t\t\t\t<section class=\"elementor-section elementor-top-section elementor-element elementor-element-2c4b8bf elementor-section-boxed elementor-section-height-default elementor-section-height-default\" data-id=\"2c4b8bf\" data-element_type=\"section\">\n\t\t\t\t\t\t<div class=\"elementor-container elementor-column-gap-default\">\n\t\t\t\t\t<div class=\"elementor-column elementor-col-100 elementor-top-column elementor-element elementor-element-281ef4b column-style-top\" data-id=\"281ef4b\" data-element_type=\"column\">\n\t\t\t<div class=\"elementor-widget-wrap elementor-element-populated\">\n\t\t\t\t\t\t<div class=\"elementor-element elementor-element-ebc6e88 elementor-widget elementor-widget-image\" data-id=\"ebc6e88\" data-element_type=\"widget\" data-widget_type=\"image.default\">\n\t\t\t\t<div class=\"elementor-widget-container\">\n\t\t\t<style>\/*! elementor - v3.19.0 - 28-02-2024 *\/\n.elementor-widget-image{text-align:center}.elementor-widget-image a{display:inline-block}.elementor-widget-image a img[src$=\".svg\"]{width:48px}.elementor-widget-image img{vertical-align:middle;display:inline-block}<\/style>\t\t\t\t\t\t\t\t\t\t<img fetchpriority=\"high\" decoding=\"async\" width=\"900\" height=\"529\" src=\"https:\/\/tesasteel.com\/en\/wp-content\/uploads\/2025\/05\/solar-enegry-systems-1024x602.png\" class=\"attachment-large size-large wp-image-10156\" alt=\"\" srcset=\"https:\/\/tesasteel.com\/en\/wp-content\/uploads\/2025\/05\/solar-enegry-systems-1024x602.png 1024w, https:\/\/tesasteel.com\/en\/wp-content\/uploads\/2025\/05\/solar-enegry-systems-768x452.png 768w, https:\/\/tesasteel.com\/en\/wp-content\/uploads\/2025\/05\/solar-enegry-systems-600x353.png 600w, https:\/\/tesasteel.com\/en\/wp-content\/uploads\/2025\/05\/solar-enegry-systems.png 1880w\" sizes=\"(max-width: 900px) 100vw, 900px\" \/>\t\t\t\t\t\t\t\t\t\t\t\t\t<\/div>\n\t\t\t\t<\/div>\n\t\t\t\t\t<\/div>\n\t\t<\/div>\n\t\t\t\t\t<\/div>\n\t\t<\/section>\n\t\t\t\t<section class=\"elementor-section elementor-top-section elementor-element elementor-element-fc17782 elementor-section-boxed elementor-section-height-default elementor-section-height-default\" data-id=\"fc17782\" data-element_type=\"section\">\n\t\t\t\t\t\t<div class=\"elementor-container elementor-column-gap-default\">\n\t\t\t\t\t<div class=\"elementor-column elementor-col-100 elementor-top-column elementor-element elementor-element-8833e46 column-style-top\" data-id=\"8833e46\" data-element_type=\"column\">\n\t\t\t<div class=\"elementor-widget-wrap elementor-element-populated\">\n\t\t\t\t\t\t<div class=\"elementor-element elementor-element-694c83e elementor-widget elementor-widget-text-editor\" data-id=\"694c83e\" data-element_type=\"widget\" data-widget_type=\"text-editor.default\">\n\t\t\t\t<div class=\"elementor-widget-container\">\n\t\t\t\t\t\t\t<div class=\"page\" title=\"Page 10\"><div class=\"layoutArea\"><div class=\"column\"><p>Our solar power plant solutions, system design, installation and much more. We ensure that your roof or land is utilized to the maximum efficiency according to your energy needs and demands. Our extensive experience in SPP installations ensures that all processes are managed flawlessly. At the same time, we make sure that budget management for rooftop and land-based SPPs is resolved in the best possible way.<\/p><\/div><\/div><\/div>\t\t\t\t\t\t<\/div>\n\t\t\t\t<\/div>\n\t\t\t\t\t<\/div>\n\t\t<\/div>\n\t\t\t\t\t<\/div>\n\t\t<\/section>\n\t\t\t\t<\/div>\n\t\t","protected":false},"excerpt":{"rendered":"<p>Rooftop and land-based Solar Power Plants (SPPs) are among the most important solutions for meeting energy needs at various scales, especially for businesses. With SPP installations on your roof or [&hellip;]<\/p>\n","protected":false},"author":1,"featured_media":0,"parent":0,"menu_order":0,"comment_status":"closed","ping_status":"closed","template":"","meta":{"footnotes":""},"class_list":["post-10071","page","type-page","status-publish","hentry"],"wpcf_dashboard":"<div class=\"woocommerce\"><div class=\"woocommerce-info\">Please log in first? <a class=\"wpneoShowLogin\" href=\"#\">Click here to login<\/a><\/div><div class=\"wpneo_login_form_div\" style=\"display: none;\"><form name=\"loginform\" id=\"loginform\" action=\"https:\/\/tesasteel.com\/en\/wp-login.php\" method=\"post\"><p class=\"login-username\">\n\t\t\t\t<label for=\"user_login\">Kullan\u0131c\u0131 ad\u0131 ya da e-posta adresi<\/label>\n\t\t\t\t<input type=\"text\" name=\"log\" id=\"user_login\" autocomplete=\"username\" class=\"input\" value=\"\" size=\"20\" \/>\n\t\t\t<\/p><p class=\"login-password\">\n\t\t\t\t<label for=\"user_pass\">Parola<\/label>\n\t\t\t\t<input type=\"password\" name=\"pwd\" id=\"user_pass\" autocomplete=\"current-password\" spellcheck=\"false\" class=\"input\" value=\"\" size=\"20\" \/>\n\t\t\t<\/p><p class=\"login-remember\"><label><input name=\"rememberme\" type=\"checkbox\" id=\"rememberme\" value=\"forever\" \/> Beni hat\u0131rla<\/label><\/p><p class=\"login-submit\">\n\t\t\t\t<input type=\"submit\" name=\"wp-submit\" id=\"wp-submit\" class=\"button button-primary\" value=\"Oturum a\u00e7\" \/>\n\t\t\t\t<input type=\"hidden\" name=\"redirect_to\" value=\"https:\/\/tesasteel.com\/en\/wp-json\/wp\/v2\/pages\/10071\" \/>\n\t\t\t<\/p><\/form><\/div><\/div>","_links":{"self":[{"href":"https:\/\/tesasteel.com\/en\/wp-json\/wp\/v2\/pages\/10071","targetHints":{"allow":["GET"]}}],"collection":[{"href":"https:\/\/tesasteel.com\/en\/wp-json\/wp\/v2\/pages"}],"about":[{"href":"https:\/\/tesasteel.com\/en\/wp-json\/wp\/v2\/types\/page"}],"author":[{"embeddable":true,"href":"https:\/\/tesasteel.com\/en\/wp-json\/wp\/v2\/users\/1"}],"replies":[{"embeddable":true,"href":"https:\/\/tesasteel.com\/en\/wp-json\/wp\/v2\/comments?post=10071"}],"version-history":[{"count":4,"href":"https:\/\/tesasteel.com\/en\/wp-json\/wp\/v2\/pages\/10071\/revisions"}],"predecessor-version":[{"id":10159,"href":"https:\/\/tesasteel.com\/en\/wp-json\/wp\/v2\/pages\/10071\/revisions\/10159"}],"wp:attachment":[{"href":"https:\/\/tesasteel.com\/en\/wp-json\/wp\/v2\/media?parent=10071"}],"curies":[{"name":"wp","href":"https:\/\/api.w.org\/{rel}","templated":true}]}}