{"id":10069,"date":"2025-05-13T23:00:48","date_gmt":"2025-05-13T20:00:48","guid":{"rendered":"https:\/\/tesasteel.com\/en\/?page_id=10069"},"modified":"2025-05-15T13:28:30","modified_gmt":"2025-05-15T10:28:30","slug":"tube-bend-form","status":"publish","type":"page","link":"https:\/\/tesasteel.com\/en\/tube-bend-form\/","title":{"rendered":"Tube Bend &#038; Form"},"content":{"rendered":"\t\t<div data-elementor-type=\"wp-page\" data-elementor-id=\"10069\" class=\"elementor elementor-10069\">\n\t\t\t\t\t\t<section class=\"elementor-section elementor-top-section elementor-element elementor-element-0d1f295 elementor-section-boxed elementor-section-height-default elementor-section-height-default\" data-id=\"0d1f295\" data-element_type=\"section\">\n\t\t\t\t\t\t<div class=\"elementor-container elementor-column-gap-default\">\n\t\t\t\t\t<div class=\"elementor-column elementor-col-50 elementor-top-column elementor-element elementor-element-64e4415 column-style-top\" data-id=\"64e4415\" data-element_type=\"column\">\n\t\t\t<div class=\"elementor-widget-wrap elementor-element-populated\">\n\t\t\t\t\t\t<div class=\"elementor-element elementor-element-90c0277 elementor-widget elementor-widget-image\" data-id=\"90c0277\" data-element_type=\"widget\" data-widget_type=\"image.default\">\n\t\t\t\t<div class=\"elementor-widget-container\">\n\t\t\t<style>\/*! elementor - v3.19.0 - 28-02-2024 *\/\n.elementor-widget-image{text-align:center}.elementor-widget-image a{display:inline-block}.elementor-widget-image a img[src$=\".svg\"]{width:48px}.elementor-widget-image img{vertical-align:middle;display:inline-block}<\/style>\t\t\t\t\t\t\t\t\t\t<img fetchpriority=\"high\" decoding=\"async\" width=\"900\" height=\"505\" src=\"https:\/\/tesasteel.com\/en\/wp-content\/uploads\/2025\/05\/tube-bend-form-1-1024x575.jpg\" class=\"attachment-large size-large wp-image-10149\" alt=\"\" srcset=\"https:\/\/tesasteel.com\/en\/wp-content\/uploads\/2025\/05\/tube-bend-form-1-1024x575.jpg 1024w, https:\/\/tesasteel.com\/en\/wp-content\/uploads\/2025\/05\/tube-bend-form-1-768x431.jpg 768w, https:\/\/tesasteel.com\/en\/wp-content\/uploads\/2025\/05\/tube-bend-form-1-600x337.jpg 600w, https:\/\/tesasteel.com\/en\/wp-content\/uploads\/2025\/05\/tube-bend-form-1.jpg 1140w\" sizes=\"(max-width: 900px) 100vw, 900px\" \/>\t\t\t\t\t\t\t\t\t\t\t\t\t<\/div>\n\t\t\t\t<\/div>\n\t\t\t\t\t<\/div>\n\t\t<\/div>\n\t\t\t\t<div class=\"elementor-column elementor-col-50 elementor-top-column elementor-element elementor-element-4075754 column-style-top\" data-id=\"4075754\" data-element_type=\"column\">\n\t\t\t<div class=\"elementor-widget-wrap\">\n\t\t\t\t\t\t\t<\/div>\n\t\t<\/div>\n\t\t\t\t\t<\/div>\n\t\t<\/section>\n\t\t\t\t<section class=\"elementor-section elementor-top-section elementor-element elementor-element-6647157 elementor-section-boxed elementor-section-height-default elementor-section-height-default\" data-id=\"6647157\" data-element_type=\"section\">\n\t\t\t\t\t\t<div class=\"elementor-container elementor-column-gap-default\">\n\t\t\t\t\t<div class=\"elementor-column elementor-col-50 elementor-top-column elementor-element elementor-element-ee66b07 column-style-top\" data-id=\"ee66b07\" data-element_type=\"column\">\n\t\t\t<div class=\"elementor-widget-wrap\">\n\t\t\t\t\t\t\t<\/div>\n\t\t<\/div>\n\t\t\t\t<div class=\"elementor-column elementor-col-50 elementor-top-column elementor-element elementor-element-3b59c74 column-style-top\" data-id=\"3b59c74\" data-element_type=\"column\">\n\t\t\t<div class=\"elementor-widget-wrap elementor-element-populated\">\n\t\t\t\t\t\t<div class=\"elementor-element elementor-element-b8f3dd1 elementor-widget elementor-widget-image\" data-id=\"b8f3dd1\" data-element_type=\"widget\" data-widget_type=\"image.default\">\n\t\t\t\t<div class=\"elementor-widget-container\">\n\t\t\t\t\t\t\t\t\t\t\t\t\t<img decoding=\"async\" width=\"900\" height=\"505\" src=\"https:\/\/tesasteel.com\/en\/wp-content\/uploads\/2025\/05\/tube-bend-form-2-1024x575.jpg\" class=\"attachment-large size-large wp-image-10150\" alt=\"\" srcset=\"https:\/\/tesasteel.com\/en\/wp-content\/uploads\/2025\/05\/tube-bend-form-2-1024x575.jpg 1024w, https:\/\/tesasteel.com\/en\/wp-content\/uploads\/2025\/05\/tube-bend-form-2-768x431.jpg 768w, https:\/\/tesasteel.com\/en\/wp-content\/uploads\/2025\/05\/tube-bend-form-2-600x337.jpg 600w, https:\/\/tesasteel.com\/en\/wp-content\/uploads\/2025\/05\/tube-bend-form-2.jpg 1140w\" sizes=\"(max-width: 900px) 100vw, 900px\" \/>\t\t\t\t\t\t\t\t\t\t\t\t\t<\/div>\n\t\t\t\t<\/div>\n\t\t\t\t\t<\/div>\n\t\t<\/div>\n\t\t\t\t\t<\/div>\n\t\t<\/section>\n\t\t\t\t<section class=\"elementor-section elementor-top-section elementor-element elementor-element-7ca252f elementor-section-boxed elementor-section-height-default elementor-section-height-default\" data-id=\"7ca252f\" data-element_type=\"section\">\n\t\t\t\t\t\t<div class=\"elementor-container elementor-column-gap-default\">\n\t\t\t\t\t<div class=\"elementor-column elementor-col-50 elementor-top-column elementor-element elementor-element-2914896 column-style-top\" data-id=\"2914896\" data-element_type=\"column\">\n\t\t\t<div class=\"elementor-widget-wrap elementor-element-populated\">\n\t\t\t\t\t\t<div class=\"elementor-element elementor-element-258fa68 elementor-widget elementor-widget-image\" data-id=\"258fa68\" data-element_type=\"widget\" data-widget_type=\"image.default\">\n\t\t\t\t<div class=\"elementor-widget-container\">\n\t\t\t\t\t\t\t\t\t\t\t\t\t<img decoding=\"async\" width=\"900\" height=\"505\" src=\"https:\/\/tesasteel.com\/en\/wp-content\/uploads\/2025\/05\/tube-bend-form-3-1024x575.jpg\" class=\"attachment-large size-large wp-image-10151\" alt=\"\" srcset=\"https:\/\/tesasteel.com\/en\/wp-content\/uploads\/2025\/05\/tube-bend-form-3-1024x575.jpg 1024w, https:\/\/tesasteel.com\/en\/wp-content\/uploads\/2025\/05\/tube-bend-form-3-768x431.jpg 768w, https:\/\/tesasteel.com\/en\/wp-content\/uploads\/2025\/05\/tube-bend-form-3-600x337.jpg 600w, https:\/\/tesasteel.com\/en\/wp-content\/uploads\/2025\/05\/tube-bend-form-3.jpg 1140w\" sizes=\"(max-width: 900px) 100vw, 900px\" \/>\t\t\t\t\t\t\t\t\t\t\t\t\t<\/div>\n\t\t\t\t<\/div>\n\t\t\t\t\t<\/div>\n\t\t<\/div>\n\t\t\t\t<div class=\"elementor-column elementor-col-50 elementor-top-column elementor-element elementor-element-736a3d5 column-style-top\" data-id=\"736a3d5\" data-element_type=\"column\">\n\t\t\t<div class=\"elementor-widget-wrap\">\n\t\t\t\t\t\t\t<\/div>\n\t\t<\/div>\n\t\t\t\t\t<\/div>\n\t\t<\/section>\n\t\t\t\t<\/div>\n\t\t","protected":false},"excerpt":{"rendered":"","protected":false},"author":1,"featured_media":0,"parent":0,"menu_order":0,"comment_status":"closed","ping_status":"closed","template":"","meta":{"footnotes":""},"class_list":["post-10069","page","type-page","status-publish","hentry"],"wpcf_dashboard":"<div class=\"woocommerce\"><div class=\"woocommerce-info\">Please log in first? <a class=\"wpneoShowLogin\" href=\"#\">Click here to login<\/a><\/div><div class=\"wpneo_login_form_div\" style=\"display: none;\"><form name=\"loginform\" id=\"loginform\" action=\"https:\/\/tesasteel.com\/en\/wp-login.php\" method=\"post\"><p class=\"login-username\">\n\t\t\t\t<label for=\"user_login\">Kullan\u0131c\u0131 ad\u0131 ya da e-posta adresi<\/label>\n\t\t\t\t<input type=\"text\" name=\"log\" id=\"user_login\" autocomplete=\"username\" class=\"input\" value=\"\" size=\"20\" \/>\n\t\t\t<\/p><p class=\"login-password\">\n\t\t\t\t<label for=\"user_pass\">Parola<\/label>\n\t\t\t\t<input type=\"password\" name=\"pwd\" id=\"user_pass\" autocomplete=\"current-password\" spellcheck=\"false\" class=\"input\" value=\"\" size=\"20\" \/>\n\t\t\t<\/p><p class=\"login-remember\"><label><input name=\"rememberme\" type=\"checkbox\" id=\"rememberme\" value=\"forever\" \/> Beni hat\u0131rla<\/label><\/p><p class=\"login-submit\">\n\t\t\t\t<input type=\"submit\" name=\"wp-submit\" id=\"wp-submit\" class=\"button button-primary\" value=\"Oturum a\u00e7\" \/>\n\t\t\t\t<input type=\"hidden\" name=\"redirect_to\" value=\"https:\/\/tesasteel.com\/en\/wp-json\/wp\/v2\/pages\/10069\" \/>\n\t\t\t<\/p><\/form><\/div><\/div>","_links":{"self":[{"href":"https:\/\/tesasteel.com\/en\/wp-json\/wp\/v2\/pages\/10069","targetHints":{"allow":["GET"]}}],"collection":[{"href":"https:\/\/tesasteel.com\/en\/wp-json\/wp\/v2\/pages"}],"about":[{"href":"https:\/\/tesasteel.com\/en\/wp-json\/wp\/v2\/types\/page"}],"author":[{"embeddable":true,"href":"https:\/\/tesasteel.com\/en\/wp-json\/wp\/v2\/users\/1"}],"replies":[{"embeddable":true,"href":"https:\/\/tesasteel.com\/en\/wp-json\/wp\/v2\/comments?post=10069"}],"version-history":[{"count":4,"href":"https:\/\/tesasteel.com\/en\/wp-json\/wp\/v2\/pages\/10069\/revisions"}],"predecessor-version":[{"id":10154,"href":"https:\/\/tesasteel.com\/en\/wp-json\/wp\/v2\/pages\/10069\/revisions\/10154"}],"wp:attachment":[{"href":"https:\/\/tesasteel.com\/en\/wp-json\/wp\/v2\/media?parent=10069"}],"curies":[{"name":"wp","href":"https:\/\/api.w.org\/{rel}","templated":true}]}}