{"id":10067,"date":"2025-05-13T23:00:03","date_gmt":"2025-05-13T20:00:03","guid":{"rendered":"https:\/\/tesasteel.com\/en\/?page_id=10067"},"modified":"2025-05-15T13:19:56","modified_gmt":"2025-05-15T10:19:56","slug":"regrigeration-industry","status":"publish","type":"page","link":"https:\/\/tesasteel.com\/en\/regrigeration-industry\/","title":{"rendered":"Regrigeration Industry"},"content":{"rendered":"\t\t<div data-elementor-type=\"wp-page\" data-elementor-id=\"10067\" class=\"elementor elementor-10067\">\n\t\t\t\t\t\t<section class=\"elementor-section elementor-top-section elementor-element elementor-element-7ca3ad4 elementor-section-boxed elementor-section-height-default elementor-section-height-default\" data-id=\"7ca3ad4\" data-element_type=\"section\">\n\t\t\t\t\t\t<div class=\"elementor-container elementor-column-gap-default\">\n\t\t\t\t\t<div class=\"elementor-column elementor-col-100 elementor-top-column elementor-element elementor-element-e25627b column-style-top\" data-id=\"e25627b\" data-element_type=\"column\">\n\t\t\t<div class=\"elementor-widget-wrap elementor-element-populated\">\n\t\t\t\t\t\t<div class=\"elementor-element elementor-element-dd49ff0 elementor-widget elementor-widget-text-editor\" data-id=\"dd49ff0\" data-element_type=\"widget\" data-widget_type=\"text-editor.default\">\n\t\t\t\t<div class=\"elementor-widget-container\">\n\t\t\t<style>\/*! elementor - v3.19.0 - 28-02-2024 *\/\n.elementor-widget-text-editor.elementor-drop-cap-view-stacked .elementor-drop-cap{background-color:#69727d;color:#fff}.elementor-widget-text-editor.elementor-drop-cap-view-framed .elementor-drop-cap{color:#69727d;border:3px solid;background-color:transparent}.elementor-widget-text-editor:not(.elementor-drop-cap-view-default) .elementor-drop-cap{margin-top:8px}.elementor-widget-text-editor:not(.elementor-drop-cap-view-default) .elementor-drop-cap-letter{width:1em;height:1em}.elementor-widget-text-editor .elementor-drop-cap{float:left;text-align:center;line-height:1;font-size:50px}.elementor-widget-text-editor .elementor-drop-cap-letter{display:inline-block}<\/style>\t\t\t\t<div class=\"page\" title=\"Page 7\"><div class=\"layoutArea\"><div class=\"column\"><p>A more efficient refrigeration technology, which guarantees optimal food preservation at the lowest cost. With a renewed aesthetic, aligned with the TESA brand and our hospitality range. Sleek, unique and highly efficient designs that are built to last.<\/p><p>From the smallest refrigerators of 100 liters tothe cold rooms, we have a wide range of products with nearly 3000 different products on 300 main models<\/p><\/div><\/div><\/div>\t\t\t\t\t\t<\/div>\n\t\t\t\t<\/div>\n\t\t\t\t\t<\/div>\n\t\t<\/div>\n\t\t\t\t\t<\/div>\n\t\t<\/section>\n\t\t\t\t<section class=\"elementor-section elementor-top-section elementor-element elementor-element-2dbd6f0 elementor-section-boxed elementor-section-height-default elementor-section-height-default\" data-id=\"2dbd6f0\" data-element_type=\"section\">\n\t\t\t\t\t\t<div class=\"elementor-container elementor-column-gap-default\">\n\t\t\t\t\t<div class=\"elementor-column elementor-col-100 elementor-top-column elementor-element elementor-element-9caa1ed column-style-top\" data-id=\"9caa1ed\" data-element_type=\"column\">\n\t\t\t<div class=\"elementor-widget-wrap elementor-element-populated\">\n\t\t\t\t\t\t<div class=\"elementor-element elementor-element-07523b5 elementor-widget elementor-widget-image\" data-id=\"07523b5\" data-element_type=\"widget\" data-widget_type=\"image.default\">\n\t\t\t\t<div class=\"elementor-widget-container\">\n\t\t\t<style>\/*! elementor - v3.19.0 - 28-02-2024 *\/\n.elementor-widget-image{text-align:center}.elementor-widget-image a{display:inline-block}.elementor-widget-image a img[src$=\".svg\"]{width:48px}.elementor-widget-image img{vertical-align:middle;display:inline-block}<\/style>\t\t\t\t\t\t\t\t\t\t<img fetchpriority=\"high\" decoding=\"async\" width=\"900\" height=\"438\" src=\"https:\/\/tesasteel.com\/en\/wp-content\/uploads\/2025\/05\/regrigeration-industry-1024x498.png\" class=\"attachment-large size-large wp-image-10143\" alt=\"\" srcset=\"https:\/\/tesasteel.com\/en\/wp-content\/uploads\/2025\/05\/regrigeration-industry-1024x498.png 1024w, https:\/\/tesasteel.com\/en\/wp-content\/uploads\/2025\/05\/regrigeration-industry-768x373.png 768w, https:\/\/tesasteel.com\/en\/wp-content\/uploads\/2025\/05\/regrigeration-industry-600x292.png 600w, https:\/\/tesasteel.com\/en\/wp-content\/uploads\/2025\/05\/regrigeration-industry.png 1822w\" sizes=\"(max-width: 900px) 100vw, 900px\" \/>\t\t\t\t\t\t\t\t\t\t\t\t\t<\/div>\n\t\t\t\t<\/div>\n\t\t\t\t\t<\/div>\n\t\t<\/div>\n\t\t\t\t\t<\/div>\n\t\t<\/section>\n\t\t\t\t<section class=\"elementor-section elementor-top-section elementor-element elementor-element-ceb44f6 elementor-section-boxed elementor-section-height-default elementor-section-height-default\" data-id=\"ceb44f6\" data-element_type=\"section\">\n\t\t\t\t\t\t<div class=\"elementor-container elementor-column-gap-default\">\n\t\t\t\t\t<div class=\"elementor-column elementor-col-100 elementor-top-column elementor-element elementor-element-ab63531 column-style-top\" data-id=\"ab63531\" data-element_type=\"column\">\n\t\t\t<div class=\"elementor-widget-wrap elementor-element-populated\">\n\t\t\t\t\t\t<div class=\"elementor-element elementor-element-388b606 elementor-widget elementor-widget-image\" data-id=\"388b606\" data-element_type=\"widget\" data-widget_type=\"image.default\">\n\t\t\t\t<div class=\"elementor-widget-container\">\n\t\t\t\t\t\t\t\t\t\t\t\t\t<img decoding=\"async\" width=\"900\" height=\"475\" src=\"https:\/\/tesasteel.com\/en\/wp-content\/uploads\/2025\/05\/regrigeration-industry-2-1024x541.png\" class=\"attachment-large size-large wp-image-10145\" alt=\"\" srcset=\"https:\/\/tesasteel.com\/en\/wp-content\/uploads\/2025\/05\/regrigeration-industry-2-1024x541.png 1024w, https:\/\/tesasteel.com\/en\/wp-content\/uploads\/2025\/05\/regrigeration-industry-2-768x405.png 768w, https:\/\/tesasteel.com\/en\/wp-content\/uploads\/2025\/05\/regrigeration-industry-2-600x317.png 600w, https:\/\/tesasteel.com\/en\/wp-content\/uploads\/2025\/05\/regrigeration-industry-2.png 1822w\" sizes=\"(max-width: 900px) 100vw, 900px\" \/>\t\t\t\t\t\t\t\t\t\t\t\t\t<\/div>\n\t\t\t\t<\/div>\n\t\t\t\t\t<\/div>\n\t\t<\/div>\n\t\t\t\t\t<\/div>\n\t\t<\/section>\n\t\t\t\t<\/div>\n\t\t","protected":false},"excerpt":{"rendered":"<p>A more efficient refrigeration technology, which guarantees optimal food preservation at the lowest cost. With a renewed aesthetic, aligned with the TESA brand and our hospitality range. Sleek, unique and [&hellip;]<\/p>\n","protected":false},"author":1,"featured_media":0,"parent":0,"menu_order":0,"comment_status":"closed","ping_status":"closed","template":"","meta":{"footnotes":""},"class_list":["post-10067","page","type-page","status-publish","hentry"],"wpcf_dashboard":"<div class=\"woocommerce\"><div class=\"woocommerce-info\">Please log in first? <a class=\"wpneoShowLogin\" href=\"#\">Click here to login<\/a><\/div><div class=\"wpneo_login_form_div\" style=\"display: none;\"><form name=\"loginform\" id=\"loginform\" action=\"https:\/\/tesasteel.com\/en\/wp-login.php\" method=\"post\"><p class=\"login-username\">\n\t\t\t\t<label for=\"user_login\">Kullan\u0131c\u0131 ad\u0131 ya da e-posta adresi<\/label>\n\t\t\t\t<input type=\"text\" name=\"log\" id=\"user_login\" autocomplete=\"username\" class=\"input\" value=\"\" size=\"20\" \/>\n\t\t\t<\/p><p class=\"login-password\">\n\t\t\t\t<label for=\"user_pass\">Parola<\/label>\n\t\t\t\t<input type=\"password\" name=\"pwd\" id=\"user_pass\" autocomplete=\"current-password\" spellcheck=\"false\" class=\"input\" value=\"\" size=\"20\" \/>\n\t\t\t<\/p><p class=\"login-remember\"><label><input name=\"rememberme\" type=\"checkbox\" id=\"rememberme\" value=\"forever\" \/> Beni hat\u0131rla<\/label><\/p><p class=\"login-submit\">\n\t\t\t\t<input type=\"submit\" name=\"wp-submit\" id=\"wp-submit\" class=\"button button-primary\" value=\"Oturum a\u00e7\" \/>\n\t\t\t\t<input type=\"hidden\" name=\"redirect_to\" value=\"https:\/\/tesasteel.com\/en\/wp-json\/wp\/v2\/pages\/10067\" \/>\n\t\t\t<\/p><\/form><\/div><\/div>","_links":{"self":[{"href":"https:\/\/tesasteel.com\/en\/wp-json\/wp\/v2\/pages\/10067","targetHints":{"allow":["GET"]}}],"collection":[{"href":"https:\/\/tesasteel.com\/en\/wp-json\/wp\/v2\/pages"}],"about":[{"href":"https:\/\/tesasteel.com\/en\/wp-json\/wp\/v2\/types\/page"}],"author":[{"embeddable":true,"href":"https:\/\/tesasteel.com\/en\/wp-json\/wp\/v2\/users\/1"}],"replies":[{"embeddable":true,"href":"https:\/\/tesasteel.com\/en\/wp-json\/wp\/v2\/comments?post=10067"}],"version-history":[{"count":4,"href":"https:\/\/tesasteel.com\/en\/wp-json\/wp\/v2\/pages\/10067\/revisions"}],"predecessor-version":[{"id":10148,"href":"https:\/\/tesasteel.com\/en\/wp-json\/wp\/v2\/pages\/10067\/revisions\/10148"}],"wp:attachment":[{"href":"https:\/\/tesasteel.com\/en\/wp-json\/wp\/v2\/media?parent=10067"}],"curies":[{"name":"wp","href":"https:\/\/api.w.org\/{rel}","templated":true}]}}