{"id":10065,"date":"2025-05-13T22:59:06","date_gmt":"2025-05-13T19:59:06","guid":{"rendered":"https:\/\/tesasteel.com\/en\/?page_id=10065"},"modified":"2025-05-15T13:14:47","modified_gmt":"2025-05-15T10:14:47","slug":"defence-and-automotive-industry","status":"publish","type":"page","link":"https:\/\/tesasteel.com\/en\/defence-and-automotive-industry\/","title":{"rendered":"Defence and Automotive Industry"},"content":{"rendered":"\t\t<div data-elementor-type=\"wp-page\" data-elementor-id=\"10065\" class=\"elementor elementor-10065\">\n\t\t\t\t\t\t<section class=\"elementor-section elementor-top-section elementor-element elementor-element-36846b6 elementor-section-boxed elementor-section-height-default elementor-section-height-default\" data-id=\"36846b6\" data-element_type=\"section\">\n\t\t\t\t\t\t<div class=\"elementor-container elementor-column-gap-default\">\n\t\t\t\t\t<div class=\"elementor-column elementor-col-100 elementor-top-column elementor-element elementor-element-0f79301 column-style-top\" data-id=\"0f79301\" data-element_type=\"column\">\n\t\t\t<div class=\"elementor-widget-wrap elementor-element-populated\">\n\t\t\t\t\t\t<div class=\"elementor-element elementor-element-e0ebf28 elementor-widget elementor-widget-text-editor\" data-id=\"e0ebf28\" data-element_type=\"widget\" data-widget_type=\"text-editor.default\">\n\t\t\t\t<div class=\"elementor-widget-container\">\n\t\t\t<style>\/*! elementor - v3.19.0 - 28-02-2024 *\/\n.elementor-widget-text-editor.elementor-drop-cap-view-stacked .elementor-drop-cap{background-color:#69727d;color:#fff}.elementor-widget-text-editor.elementor-drop-cap-view-framed .elementor-drop-cap{color:#69727d;border:3px solid;background-color:transparent}.elementor-widget-text-editor:not(.elementor-drop-cap-view-default) .elementor-drop-cap{margin-top:8px}.elementor-widget-text-editor:not(.elementor-drop-cap-view-default) .elementor-drop-cap-letter{width:1em;height:1em}.elementor-widget-text-editor .elementor-drop-cap{float:left;text-align:center;line-height:1;font-size:50px}.elementor-widget-text-editor .elementor-drop-cap-letter{display:inline-block}<\/style>\t\t\t\t<div class=\"page\" title=\"Page 6\"><div class=\"section\"><div class=\"layoutArea\"><div class=\"column\"><p>With our CNC lathe, vertical machining centers, grinding, deep hole drilling machines and assembly and automation lines of our own design and production, we combine technology, production and design with our expert power and perform customer-oriented production.<\/p><\/div><\/div><\/div><\/div>\t\t\t\t\t\t<\/div>\n\t\t\t\t<\/div>\n\t\t\t\t\t<\/div>\n\t\t<\/div>\n\t\t\t\t\t<\/div>\n\t\t<\/section>\n\t\t\t\t<section class=\"elementor-section elementor-top-section elementor-element elementor-element-c475f08 elementor-section-boxed elementor-section-height-default elementor-section-height-default\" data-id=\"c475f08\" data-element_type=\"section\">\n\t\t\t\t\t\t<div class=\"elementor-container elementor-column-gap-default\">\n\t\t\t\t\t<div class=\"elementor-column elementor-col-100 elementor-top-column elementor-element elementor-element-52ff7ea column-style-top\" data-id=\"52ff7ea\" data-element_type=\"column\">\n\t\t\t<div class=\"elementor-widget-wrap elementor-element-populated\">\n\t\t\t\t\t\t<div class=\"elementor-element elementor-element-a72b532 elementor-widget elementor-widget-image\" data-id=\"a72b532\" data-element_type=\"widget\" data-widget_type=\"image.default\">\n\t\t\t\t<div class=\"elementor-widget-container\">\n\t\t\t<style>\/*! elementor - v3.19.0 - 28-02-2024 *\/\n.elementor-widget-image{text-align:center}.elementor-widget-image a{display:inline-block}.elementor-widget-image a img[src$=\".svg\"]{width:48px}.elementor-widget-image img{vertical-align:middle;display:inline-block}<\/style>\t\t\t\t\t\t\t\t\t\t<img fetchpriority=\"high\" decoding=\"async\" width=\"900\" height=\"417\" src=\"https:\/\/tesasteel.com\/en\/wp-content\/uploads\/2025\/05\/defence-and-automotive-industry-1024x474.png\" class=\"attachment-large size-large wp-image-10138\" alt=\"\" srcset=\"https:\/\/tesasteel.com\/en\/wp-content\/uploads\/2025\/05\/defence-and-automotive-industry-1024x474.png 1024w, https:\/\/tesasteel.com\/en\/wp-content\/uploads\/2025\/05\/defence-and-automotive-industry-768x355.png 768w, https:\/\/tesasteel.com\/en\/wp-content\/uploads\/2025\/05\/defence-and-automotive-industry-600x277.png 600w, https:\/\/tesasteel.com\/en\/wp-content\/uploads\/2025\/05\/defence-and-automotive-industry.png 1038w\" sizes=\"(max-width: 900px) 100vw, 900px\" \/>\t\t\t\t\t\t\t\t\t\t\t\t\t<\/div>\n\t\t\t\t<\/div>\n\t\t\t\t\t<\/div>\n\t\t<\/div>\n\t\t\t\t\t<\/div>\n\t\t<\/section>\n\t\t\t\t<section class=\"elementor-section elementor-top-section elementor-element elementor-element-1cea91f elementor-section-boxed elementor-section-height-default elementor-section-height-default\" data-id=\"1cea91f\" data-element_type=\"section\">\n\t\t\t\t\t\t<div class=\"elementor-container elementor-column-gap-default\">\n\t\t\t\t\t<div class=\"elementor-column elementor-col-100 elementor-top-column elementor-element elementor-element-5cb5f87 column-style-top\" data-id=\"5cb5f87\" data-element_type=\"column\">\n\t\t\t<div class=\"elementor-widget-wrap elementor-element-populated\">\n\t\t\t\t\t\t<div class=\"elementor-element elementor-element-4c6dc69 elementor-widget elementor-widget-text-editor\" data-id=\"4c6dc69\" data-element_type=\"widget\" data-widget_type=\"text-editor.default\">\n\t\t\t\t<div class=\"elementor-widget-container\">\n\t\t\t\t\t\t\t<div class=\"page\" title=\"Page 6\"><div class=\"section\"><div class=\"layoutArea\"><div class=\"column\"><p>With its machine park capable of precise and mass production, it produces assembled and ready-to-assemble precision machining products for many applications, primarily fuel injection, steering, emission, hydraulic system products, as well as steel bars, forgings and castings, together with special tools it designs and produces.<\/p><p>In addition, we have the ability to carry out all production processes of sub-parts and equipment of tanks, pellets, weapons, rockets, ships and aircraft used in the defense industry in our machine park.<\/p><\/div><\/div><\/div><\/div>\t\t\t\t\t\t<\/div>\n\t\t\t\t<\/div>\n\t\t\t\t\t<\/div>\n\t\t<\/div>\n\t\t\t\t\t<\/div>\n\t\t<\/section>\n\t\t\t\t<section class=\"elementor-section elementor-top-section elementor-element elementor-element-c91b1f3 elementor-section-boxed elementor-section-height-default elementor-section-height-default\" data-id=\"c91b1f3\" data-element_type=\"section\">\n\t\t\t\t\t\t<div class=\"elementor-container elementor-column-gap-default\">\n\t\t\t\t\t<div class=\"elementor-column elementor-col-100 elementor-top-column elementor-element elementor-element-568c35a column-style-top\" data-id=\"568c35a\" data-element_type=\"column\">\n\t\t\t<div class=\"elementor-widget-wrap elementor-element-populated\">\n\t\t\t\t\t\t<div class=\"elementor-element elementor-element-d9139ff elementor-widget elementor-widget-image\" data-id=\"d9139ff\" data-element_type=\"widget\" data-widget_type=\"image.default\">\n\t\t\t\t<div class=\"elementor-widget-container\">\n\t\t\t\t\t\t\t\t\t\t\t\t\t<img decoding=\"async\" width=\"900\" height=\"561\" src=\"https:\/\/tesasteel.com\/en\/wp-content\/uploads\/2025\/05\/defence-and-automotive-industry-2-1024x638.png\" class=\"attachment-large size-large wp-image-10139\" alt=\"\" srcset=\"https:\/\/tesasteel.com\/en\/wp-content\/uploads\/2025\/05\/defence-and-automotive-industry-2-1024x638.png 1024w, https:\/\/tesasteel.com\/en\/wp-content\/uploads\/2025\/05\/defence-and-automotive-industry-2-768x479.png 768w, https:\/\/tesasteel.com\/en\/wp-content\/uploads\/2025\/05\/defence-and-automotive-industry-2-600x374.png 600w, https:\/\/tesasteel.com\/en\/wp-content\/uploads\/2025\/05\/defence-and-automotive-industry-2.png 1508w\" sizes=\"(max-width: 900px) 100vw, 900px\" \/>\t\t\t\t\t\t\t\t\t\t\t\t\t<\/div>\n\t\t\t\t<\/div>\n\t\t\t\t\t<\/div>\n\t\t<\/div>\n\t\t\t\t\t<\/div>\n\t\t<\/section>\n\t\t\t\t<\/div>\n\t\t","protected":false},"excerpt":{"rendered":"<p>With our CNC lathe, vertical machining centers, grinding, deep hole drilling machines and assembly and automation lines of our own design and production, we combine technology, production and design with [&hellip;]<\/p>\n","protected":false},"author":1,"featured_media":0,"parent":0,"menu_order":0,"comment_status":"closed","ping_status":"closed","template":"","meta":{"footnotes":""},"class_list":["post-10065","page","type-page","status-publish","hentry"],"wpcf_dashboard":"<div class=\"woocommerce\"><div class=\"woocommerce-info\">Please log in first? <a class=\"wpneoShowLogin\" href=\"#\">Click here to login<\/a><\/div><div class=\"wpneo_login_form_div\" style=\"display: none;\"><form name=\"loginform\" id=\"loginform\" action=\"https:\/\/tesasteel.com\/en\/wp-login.php\" method=\"post\"><p class=\"login-username\">\n\t\t\t\t<label for=\"user_login\">Kullan\u0131c\u0131 ad\u0131 ya da e-posta adresi<\/label>\n\t\t\t\t<input type=\"text\" name=\"log\" id=\"user_login\" autocomplete=\"username\" class=\"input\" value=\"\" size=\"20\" \/>\n\t\t\t<\/p><p class=\"login-password\">\n\t\t\t\t<label for=\"user_pass\">Parola<\/label>\n\t\t\t\t<input type=\"password\" name=\"pwd\" id=\"user_pass\" autocomplete=\"current-password\" spellcheck=\"false\" class=\"input\" value=\"\" size=\"20\" \/>\n\t\t\t<\/p><p class=\"login-remember\"><label><input name=\"rememberme\" type=\"checkbox\" id=\"rememberme\" value=\"forever\" \/> Beni hat\u0131rla<\/label><\/p><p class=\"login-submit\">\n\t\t\t\t<input type=\"submit\" name=\"wp-submit\" id=\"wp-submit\" class=\"button button-primary\" value=\"Oturum a\u00e7\" \/>\n\t\t\t\t<input type=\"hidden\" name=\"redirect_to\" value=\"https:\/\/tesasteel.com\/en\/wp-json\/wp\/v2\/pages\/10065\" \/>\n\t\t\t<\/p><\/form><\/div><\/div>","_links":{"self":[{"href":"https:\/\/tesasteel.com\/en\/wp-json\/wp\/v2\/pages\/10065","targetHints":{"allow":["GET"]}}],"collection":[{"href":"https:\/\/tesasteel.com\/en\/wp-json\/wp\/v2\/pages"}],"about":[{"href":"https:\/\/tesasteel.com\/en\/wp-json\/wp\/v2\/types\/page"}],"author":[{"embeddable":true,"href":"https:\/\/tesasteel.com\/en\/wp-json\/wp\/v2\/users\/1"}],"replies":[{"embeddable":true,"href":"https:\/\/tesasteel.com\/en\/wp-json\/wp\/v2\/comments?post=10065"}],"version-history":[{"count":4,"href":"https:\/\/tesasteel.com\/en\/wp-json\/wp\/v2\/pages\/10065\/revisions"}],"predecessor-version":[{"id":10142,"href":"https:\/\/tesasteel.com\/en\/wp-json\/wp\/v2\/pages\/10065\/revisions\/10142"}],"wp:attachment":[{"href":"https:\/\/tesasteel.com\/en\/wp-json\/wp\/v2\/media?parent=10065"}],"curies":[{"name":"wp","href":"https:\/\/api.w.org\/{rel}","templated":true}]}}